{"id":2823,"date":"2022-10-01T15:15:15","date_gmt":"2022-10-01T20:15:15","guid":{"rendered":"https:\/\/lima.sendingold.com\/biblioteca\/?page_id=2823"},"modified":"2022-10-03T08:45:10","modified_gmt":"2022-10-03T13:45:10","slug":"servicios","status":"publish","type":"page","link":"https:\/\/www.sanagustin.edu.pe\/biblioteca\/servicios\/","title":{"rendered":"Servicios"},"content":{"rendered":"\t\t<div data-elementor-type=\"wp-page\" data-elementor-id=\"2823\" class=\"elementor elementor-2823\" data-elementor-post-type=\"page\">\n\t\t\t\t<div class=\"has_eae_slider elementor-element elementor-element-5526eea e-flex e-con-boxed e-con e-parent\" data-eae-slider=\"64240\" data-id=\"5526eea\" data-element_type=\"container\" data-e-type=\"container\">\n\t\t\t\t\t<div class=\"e-con-inner\">\n\t\t<div class=\"has_eae_slider elementor-element elementor-element-7177661 e-con-full e-flex e-con e-parent\" data-eae-slider=\"58682\" data-id=\"7177661\" data-element_type=\"container\" data-e-type=\"container\">\n\t\t\t\t<div class=\"elementor-element elementor-element-f525802 elementor-widget elementor-widget-heading\" data-id=\"f525802\" data-element_type=\"widget\" data-e-type=\"widget\" data-widget_type=\"heading.default\">\n\t\t\t\t<div class=\"elementor-widget-container\">\n\t\t\t\t\t<h2 class=\"elementor-heading-title elementor-size-default\">Servicios<\/h2>\t\t\t\t<\/div>\n\t\t\t\t<\/div>\n\t\t\t\t<div class=\"elementor-element elementor-element-b8fe7a7 elementor-icon-list--layout-traditional elementor-list-item-link-full_width elementor-widget elementor-widget-icon-list\" data-id=\"b8fe7a7\" data-element_type=\"widget\" data-e-type=\"widget\" data-widget_type=\"icon-list.default\">\n\t\t\t\t<div class=\"elementor-widget-container\">\n\t\t\t\t\t\t\t<ul class=\"elementor-icon-list-items\">\n\t\t\t\t\t\t\t<li class=\"elementor-icon-list-item\">\n\t\t\t\t\t\t\t\t\t\t\t<span class=\"elementor-icon-list-icon\">\n\t\t\t\t\t\t\t<svg aria-hidden=\"true\" class=\"e-font-icon-svg e-fas-chevron-right\" viewBox=\"0 0 320 512\" xmlns=\"http:\/\/www.w3.org\/2000\/svg\"><path d=\"M285.476 272.971L91.132 467.314c-9.373 9.373-24.569 9.373-33.941 0l-22.667-22.667c-9.357-9.357-9.375-24.522-.04-33.901L188.505 256 34.484 101.255c-9.335-9.379-9.317-24.544.04-33.901l22.667-22.667c9.373-9.373 24.569-9.373 33.941 0L285.475 239.03c9.373 9.372 9.373 24.568.001 33.941z\"><\/path><\/svg>\t\t\t\t\t\t<\/span>\n\t\t\t\t\t\t\t\t\t\t<span class=\"elementor-icon-list-text\">Consulta en sala\u200b<\/span>\n\t\t\t\t\t\t\t\t\t<\/li>\n\t\t\t\t\t\t<\/ul>\n\t\t\t\t\t\t<\/div>\n\t\t\t\t<\/div>\n\t\t\t\t<div class=\"elementor-element elementor-element-71dfbb4 elementor-widget elementor-widget-text-editor\" data-id=\"71dfbb4\" data-element_type=\"widget\" data-e-type=\"widget\" data-widget_type=\"text-editor.default\">\n\t\t\t\t<div class=\"elementor-widget-container\">\n\t\t\t\t\t\t\t\t\tUtilizando los recursos bibliogr\u00e1ficos y hemerogr\u00e1ficos dentro de la sala de consulta de la biblioteca.\n\t\t\t\t\t\t\t\t<\/div>\n\t\t\t\t<\/div>\n\t\t\t\t<div class=\"elementor-element elementor-element-1832814 elementor-icon-list--layout-traditional elementor-list-item-link-full_width elementor-widget elementor-widget-icon-list\" data-id=\"1832814\" data-element_type=\"widget\" data-e-type=\"widget\" data-widget_type=\"icon-list.default\">\n\t\t\t\t<div class=\"elementor-widget-container\">\n\t\t\t\t\t\t\t<ul class=\"elementor-icon-list-items\">\n\t\t\t\t\t\t\t<li class=\"elementor-icon-list-item\">\n\t\t\t\t\t\t\t\t\t\t\t<span class=\"elementor-icon-list-icon\">\n\t\t\t\t\t\t\t<svg aria-hidden=\"true\" class=\"e-font-icon-svg e-fas-chevron-right\" viewBox=\"0 0 320 512\" xmlns=\"http:\/\/www.w3.org\/2000\/svg\"><path d=\"M285.476 272.971L91.132 467.314c-9.373 9.373-24.569 9.373-33.941 0l-22.667-22.667c-9.357-9.357-9.375-24.522-.04-33.901L188.505 256 34.484 101.255c-9.335-9.379-9.317-24.544.04-33.901l22.667-22.667c9.373-9.373 24.569-9.373 33.941 0L285.475 239.03c9.373 9.372 9.373 24.568.001 33.941z\"><\/path><\/svg>\t\t\t\t\t\t<\/span>\n\t\t\t\t\t\t\t\t\t\t<span class=\"elementor-icon-list-text\">Cat\u00e1logo en l\u00ednea<\/span>\n\t\t\t\t\t\t\t\t\t<\/li>\n\t\t\t\t\t\t<\/ul>\n\t\t\t\t\t\t<\/div>\n\t\t\t\t<\/div>\n\t\t\t\t<div class=\"elementor-element elementor-element-3acd926 elementor-widget elementor-widget-text-editor\" data-id=\"3acd926\" data-element_type=\"widget\" data-e-type=\"widget\" data-widget_type=\"text-editor.default\">\n\t\t\t\t<div class=\"elementor-widget-container\">\n\t\t\t\t\t\t\t\t\tConsulta desde la Internet la relaci\u00f3n de libros que tiene las bibliotecas del colegio\t\t\t\t\t\t\t\t<\/div>\n\t\t\t\t<\/div>\n\t\t\t\t<div class=\"elementor-element elementor-element-5ddd7e6 elementor-icon-list--layout-traditional elementor-list-item-link-full_width elementor-widget elementor-widget-icon-list\" data-id=\"5ddd7e6\" data-element_type=\"widget\" data-e-type=\"widget\" data-widget_type=\"icon-list.default\">\n\t\t\t\t<div class=\"elementor-widget-container\">\n\t\t\t\t\t\t\t<ul class=\"elementor-icon-list-items\">\n\t\t\t\t\t\t\t<li class=\"elementor-icon-list-item\">\n\t\t\t\t\t\t\t\t\t\t\t<span class=\"elementor-icon-list-icon\">\n\t\t\t\t\t\t\t<svg aria-hidden=\"true\" class=\"e-font-icon-svg e-fas-chevron-right\" viewBox=\"0 0 320 512\" xmlns=\"http:\/\/www.w3.org\/2000\/svg\"><path d=\"M285.476 272.971L91.132 467.314c-9.373 9.373-24.569 9.373-33.941 0l-22.667-22.667c-9.357-9.357-9.375-24.522-.04-33.901L188.505 256 34.484 101.255c-9.335-9.379-9.317-24.544.04-33.901l22.667-22.667c9.373-9.373 24.569-9.373 33.941 0L285.475 239.03c9.373 9.372 9.373 24.568.001 33.941z\"><\/path><\/svg>\t\t\t\t\t\t<\/span>\n\t\t\t\t\t\t\t\t\t\t<span class=\"elementor-icon-list-text\">Pr\u00e9stamo a domicilio<\/span>\n\t\t\t\t\t\t\t\t\t<\/li>\n\t\t\t\t\t\t<\/ul>\n\t\t\t\t\t\t<\/div>\n\t\t\t\t<\/div>\n\t\t\t\t<div class=\"elementor-element elementor-element-b8fc2f1 elementor-widget elementor-widget-text-editor\" data-id=\"b8fc2f1\" data-element_type=\"widget\" data-e-type=\"widget\" data-widget_type=\"text-editor.default\">\n\t\t\t\t<div class=\"elementor-widget-container\">\n\t\t\t\t\t\t\t\t\tDe acuerdo a reglamento. Libros de literatura (novelas y cuentos) hasta siete (7) d\u00edas. Libros de consulta dos (2) d\u00edas.\t\t\t\t\t\t\t\t<\/div>\n\t\t\t\t<\/div>\n\t\t\t\t<div class=\"elementor-element elementor-element-82781f2 elementor-icon-list--layout-traditional elementor-list-item-link-full_width elementor-widget elementor-widget-icon-list\" data-id=\"82781f2\" data-element_type=\"widget\" data-e-type=\"widget\" data-widget_type=\"icon-list.default\">\n\t\t\t\t<div class=\"elementor-widget-container\">\n\t\t\t\t\t\t\t<ul class=\"elementor-icon-list-items\">\n\t\t\t\t\t\t\t<li class=\"elementor-icon-list-item\">\n\t\t\t\t\t\t\t\t\t\t\t<span class=\"elementor-icon-list-icon\">\n\t\t\t\t\t\t\t<svg aria-hidden=\"true\" class=\"e-font-icon-svg e-fas-chevron-right\" viewBox=\"0 0 320 512\" xmlns=\"http:\/\/www.w3.org\/2000\/svg\"><path d=\"M285.476 272.971L91.132 467.314c-9.373 9.373-24.569 9.373-33.941 0l-22.667-22.667c-9.357-9.357-9.375-24.522-.04-33.901L188.505 256 34.484 101.255c-9.335-9.379-9.317-24.544.04-33.901l22.667-22.667c9.373-9.373 24.569-9.373 33.941 0L285.475 239.03c9.373 9.372 9.373 24.568.001 33.941z\"><\/path><\/svg>\t\t\t\t\t\t<\/span>\n\t\t\t\t\t\t\t\t\t\t<span class=\"elementor-icon-list-text\">Internet, multimedia<\/span>\n\t\t\t\t\t\t\t\t\t<\/li>\n\t\t\t\t\t\t<\/ul>\n\t\t\t\t\t\t<\/div>\n\t\t\t\t<\/div>\n\t\t\t\t<\/div>\n\t\t<div class=\"has_eae_slider elementor-element elementor-element-8523274 e-con-full e-flex e-con e-parent\" data-eae-slider=\"63552\" data-id=\"8523274\" data-element_type=\"container\" data-e-type=\"container\">\n\t\t\t\t<div class=\"elementor-element elementor-element-9b811b3 elementor-widget elementor-widget-image\" data-id=\"9b811b3\" data-element_type=\"widget\" data-e-type=\"widget\" data-widget_type=\"image.default\">\n\t\t\t\t<div class=\"elementor-widget-container\">\n\t\t\t\t\t\t\t\t\t\t\t\t\t\t\t<img fetchpriority=\"high\" decoding=\"async\" width=\"570\" height=\"470\" src=\"https:\/\/www.sanagustin.edu.pe\/biblioteca\/wp-content\/uploads\/sites\/3\/2022\/10\/servicios.png\" class=\"attachment-large size-large wp-image-3029\" alt=\"\" srcset=\"https:\/\/www.sanagustin.edu.pe\/biblioteca\/wp-content\/uploads\/sites\/3\/2022\/10\/servicios.png 570w, https:\/\/www.sanagustin.edu.pe\/biblioteca\/wp-content\/uploads\/sites\/3\/2022\/10\/servicios-300x247.png 300w\" sizes=\"(max-width: 570px) 100vw, 570px\" \/>\t\t\t\t\t\t\t\t\t\t\t\t\t\t\t<\/div>\n\t\t\t\t<\/div>\n\t\t\t\t<\/div>\n\t\t\t\t\t<\/div>\n\t\t\t\t<\/div>\n\t\t<div class=\"has_eae_slider elementor-element elementor-element-538a27a e-flex e-con-boxed e-con e-parent\" data-eae-slider=\"56340\" data-id=\"538a27a\" data-element_type=\"container\" data-e-type=\"container\" data-settings=\"{&quot;background_background&quot;:&quot;classic&quot;}\">\n\t\t\t\t\t<div class=\"e-con-inner\">\n\t\t\t\t<div class=\"elementor-element elementor-element-4aa4b72 elementor-widget elementor-widget-heading\" data-id=\"4aa4b72\" data-element_type=\"widget\" data-e-type=\"widget\" data-widget_type=\"heading.default\">\n\t\t\t\t<div class=\"elementor-widget-container\">\n\t\t\t\t\t<h2 class=\"elementor-heading-title elementor-size-default\">Servicios Adicionales<\/h2>\t\t\t\t<\/div>\n\t\t\t\t<\/div>\n\t\t\t\t<div class=\"elementor-element elementor-element-617e6de elementor-icon-list--layout-traditional elementor-list-item-link-full_width elementor-widget elementor-widget-icon-list\" data-id=\"617e6de\" data-element_type=\"widget\" data-e-type=\"widget\" data-widget_type=\"icon-list.default\">\n\t\t\t\t<div class=\"elementor-widget-container\">\n\t\t\t\t\t\t\t<ul class=\"elementor-icon-list-items\">\n\t\t\t\t\t\t\t<li class=\"elementor-icon-list-item\">\n\t\t\t\t\t\t\t\t\t\t\t<span class=\"elementor-icon-list-icon\">\n\t\t\t\t\t\t\t<svg aria-hidden=\"true\" class=\"e-font-icon-svg e-fas-chevron-right\" viewBox=\"0 0 320 512\" xmlns=\"http:\/\/www.w3.org\/2000\/svg\"><path d=\"M285.476 272.971L91.132 467.314c-9.373 9.373-24.569 9.373-33.941 0l-22.667-22.667c-9.357-9.357-9.375-24.522-.04-33.901L188.505 256 34.484 101.255c-9.335-9.379-9.317-24.544.04-33.901l22.667-22.667c9.373-9.373 24.569-9.373 33.941 0L285.475 239.03c9.373 9.372 9.373 24.568.001 33.941z\"><\/path><\/svg>\t\t\t\t\t\t<\/span>\n\t\t\t\t\t\t\t\t\t\t<span class=\"elementor-icon-list-text\">B\u00fasqueda de informaci\u00f3n<\/span>\n\t\t\t\t\t\t\t\t\t<\/li>\n\t\t\t\t\t\t\t\t<li class=\"elementor-icon-list-item\">\n\t\t\t\t\t\t\t\t\t\t\t<span class=\"elementor-icon-list-icon\">\n\t\t\t\t\t\t\t<svg aria-hidden=\"true\" class=\"e-font-icon-svg e-fas-chevron-right\" viewBox=\"0 0 320 512\" xmlns=\"http:\/\/www.w3.org\/2000\/svg\"><path d=\"M285.476 272.971L91.132 467.314c-9.373 9.373-24.569 9.373-33.941 0l-22.667-22.667c-9.357-9.357-9.375-24.522-.04-33.901L188.505 256 34.484 101.255c-9.335-9.379-9.317-24.544.04-33.901l22.667-22.667c9.373-9.373 24.569-9.373 33.941 0L285.475 239.03c9.373 9.372 9.373 24.568.001 33.941z\"><\/path><\/svg>\t\t\t\t\t\t<\/span>\n\t\t\t\t\t\t\t\t\t\t<span class=\"elementor-icon-list-text\">Audiovisual<\/span>\n\t\t\t\t\t\t\t\t\t<\/li>\n\t\t\t\t\t\t\t\t<li class=\"elementor-icon-list-item\">\n\t\t\t\t\t\t\t\t\t\t\t<span class=\"elementor-icon-list-icon\">\n\t\t\t\t\t\t\t<svg aria-hidden=\"true\" class=\"e-font-icon-svg e-fas-chevron-right\" viewBox=\"0 0 320 512\" xmlns=\"http:\/\/www.w3.org\/2000\/svg\"><path d=\"M285.476 272.971L91.132 467.314c-9.373 9.373-24.569 9.373-33.941 0l-22.667-22.667c-9.357-9.357-9.375-24.522-.04-33.901L188.505 256 34.484 101.255c-9.335-9.379-9.317-24.544.04-33.901l22.667-22.667c9.373-9.373 24.569-9.373 33.941 0L285.475 239.03c9.373 9.372 9.373 24.568.001 33.941z\"><\/path><\/svg>\t\t\t\t\t\t<\/span>\n\t\t\t\t\t\t\t\t\t\t<span class=\"elementor-icon-list-text\">Fotocopia e impresiones<\/span>\n\t\t\t\t\t\t\t\t\t<\/li>\n\t\t\t\t\t\t<\/ul>\n\t\t\t\t\t\t<\/div>\n\t\t\t\t<\/div>\n\t\t\t\t<div class=\"elementor-element elementor-element-c1e1592 elementor-widget elementor-widget-text-editor\" data-id=\"c1e1592\" data-element_type=\"widget\" data-e-type=\"widget\" data-widget_type=\"text-editor.default\">\n\t\t\t\t<div class=\"elementor-widget-container\">\n\t\t\t\t\t\t\t\t\tSe podr\u00e1n sacar las copias o impresiones que cada usuario requiera a un costo de S\/. 0,10 por copia que se cobrar\u00e1 en la misma biblioteca. Est\u00e1 prohibido sacar copias de libros completos. Se pedir\u00e1n las copias al inicio del d\u00eda o durante el primer recreo y se recoger\u00e1 durante el primer recreo o durante el segundo respectivamente.\t\t\t\t\t\t\t\t<\/div>\n\t\t\t\t<\/div>\n\t\t\t\t\t<\/div>\n\t\t\t\t<\/div>\n\t\t\t\t<\/div>\n\t\t","protected":false},"excerpt":{"rendered":"<p>Servicios Consulta en sala\u200b Utilizando los recursos bibliogr\u00e1ficos y hemerogr\u00e1ficos dentro de la sala de consulta de la biblioteca. Cat\u00e1logo en l\u00ednea Consulta desde la Internet la relaci\u00f3n de libros que tiene las bibliotecas del colegio Pr\u00e9stamo a domicilio De acuerdo a reglamento. Libros de literatura (novelas y cuentos) hasta siete (7) d\u00edas. Libros de [&hellip;]<\/p>\n","protected":false},"author":1,"featured_media":0,"parent":0,"menu_order":0,"comment_status":"closed","ping_status":"closed","template":"elementor_header_footer","meta":{"footnotes":""},"class_list":["post-2823","page","type-page","status-publish","hentry"],"yoast_head":"<!-- This site is optimized with the Yoast SEO plugin v27.4 - https:\/\/yoast.com\/product\/yoast-seo-wordpress\/ -->\n<title>Servicios - Biblioteca<\/title>\n<meta name=\"robots\" content=\"index, follow, max-snippet:-1, max-image-preview:large, max-video-preview:-1\" \/>\n<link rel=\"canonical\" href=\"https:\/\/www.sanagustin.edu.pe\/biblioteca\/servicios\/\" \/>\n<meta property=\"og:locale\" content=\"es_ES\" \/>\n<meta property=\"og:type\" content=\"article\" \/>\n<meta property=\"og:title\" content=\"Servicios - Biblioteca\" \/>\n<meta property=\"og:description\" content=\"Servicios Consulta en sala\u200b Utilizando los recursos bibliogr\u00e1ficos y hemerogr\u00e1ficos dentro de la sala de consulta de la biblioteca. Cat\u00e1logo en l\u00ednea Consulta desde la Internet la relaci\u00f3n de libros que tiene las bibliotecas del colegio Pr\u00e9stamo a domicilio De acuerdo a reglamento. Libros de literatura (novelas y cuentos) hasta siete (7) d\u00edas. Libros de [&hellip;]\" \/>\n<meta property=\"og:url\" content=\"https:\/\/www.sanagustin.edu.pe\/biblioteca\/servicios\/\" \/>\n<meta property=\"og:site_name\" content=\"Biblioteca\" \/>\n<meta property=\"article:modified_time\" content=\"2022-10-03T13:45:10+00:00\" \/>\n<meta property=\"og:image\" content=\"https:\/\/lima.sendingold.com\/biblioteca\/wp-content\/uploads\/sites\/3\/2022\/10\/servicios.png\" \/>\n<meta name=\"twitter:card\" content=\"summary_large_image\" \/>\n<meta name=\"twitter:label1\" content=\"Est. reading time\" \/>\n\t<meta name=\"twitter:data1\" content=\"1 minuto\" \/>\n<script type=\"application\/ld+json\" class=\"yoast-schema-graph\">{\"@context\":\"https:\\\/\\\/schema.org\",\"@graph\":[{\"@type\":\"WebPage\",\"@id\":\"https:\\\/\\\/www.sanagustin.edu.pe\\\/biblioteca\\\/servicios\\\/\",\"url\":\"https:\\\/\\\/www.sanagustin.edu.pe\\\/biblioteca\\\/servicios\\\/\",\"name\":\"Servicios - Biblioteca\",\"isPartOf\":{\"@id\":\"https:\\\/\\\/www.sanagustin.edu.pe\\\/biblioteca\\\/#website\"},\"primaryImageOfPage\":{\"@id\":\"https:\\\/\\\/www.sanagustin.edu.pe\\\/biblioteca\\\/servicios\\\/#primaryimage\"},\"image\":{\"@id\":\"https:\\\/\\\/www.sanagustin.edu.pe\\\/biblioteca\\\/servicios\\\/#primaryimage\"},\"thumbnailUrl\":\"https:\\\/\\\/lima.sendingold.com\\\/biblioteca\\\/wp-content\\\/uploads\\\/sites\\\/3\\\/2022\\\/10\\\/servicios.png\",\"datePublished\":\"2022-10-01T20:15:15+00:00\",\"dateModified\":\"2022-10-03T13:45:10+00:00\",\"breadcrumb\":{\"@id\":\"https:\\\/\\\/www.sanagustin.edu.pe\\\/biblioteca\\\/servicios\\\/#breadcrumb\"},\"inLanguage\":\"es-PE\",\"potentialAction\":[{\"@type\":\"ReadAction\",\"target\":[\"https:\\\/\\\/www.sanagustin.edu.pe\\\/biblioteca\\\/servicios\\\/\"]}]},{\"@type\":\"ImageObject\",\"inLanguage\":\"es-PE\",\"@id\":\"https:\\\/\\\/www.sanagustin.edu.pe\\\/biblioteca\\\/servicios\\\/#primaryimage\",\"url\":\"https:\\\/\\\/lima.sendingold.com\\\/biblioteca\\\/wp-content\\\/uploads\\\/sites\\\/3\\\/2022\\\/10\\\/servicios.png\",\"contentUrl\":\"https:\\\/\\\/lima.sendingold.com\\\/biblioteca\\\/wp-content\\\/uploads\\\/sites\\\/3\\\/2022\\\/10\\\/servicios.png\"},{\"@type\":\"BreadcrumbList\",\"@id\":\"https:\\\/\\\/www.sanagustin.edu.pe\\\/biblioteca\\\/servicios\\\/#breadcrumb\",\"itemListElement\":[{\"@type\":\"ListItem\",\"position\":1,\"name\":\"Portada\",\"item\":\"https:\\\/\\\/www.sanagustin.edu.pe\\\/biblioteca\\\/\"},{\"@type\":\"ListItem\",\"position\":2,\"name\":\"Servicios\"}]},{\"@type\":\"WebSite\",\"@id\":\"https:\\\/\\\/www.sanagustin.edu.pe\\\/biblioteca\\\/#website\",\"url\":\"https:\\\/\\\/www.sanagustin.edu.pe\\\/biblioteca\\\/\",\"name\":\"Biblioteca\",\"description\":\"San Agust\u00edn Lima\",\"publisher\":{\"@id\":\"https:\\\/\\\/www.sanagustin.edu.pe\\\/biblioteca\\\/#organization\"},\"potentialAction\":[{\"@type\":\"SearchAction\",\"target\":{\"@type\":\"EntryPoint\",\"urlTemplate\":\"https:\\\/\\\/www.sanagustin.edu.pe\\\/biblioteca\\\/?s={search_term_string}\"},\"query-input\":{\"@type\":\"PropertyValueSpecification\",\"valueRequired\":true,\"valueName\":\"search_term_string\"}}],\"inLanguage\":\"es-PE\"},{\"@type\":\"Organization\",\"@id\":\"https:\\\/\\\/www.sanagustin.edu.pe\\\/biblioteca\\\/#organization\",\"name\":\"Biblioteca\",\"url\":\"https:\\\/\\\/www.sanagustin.edu.pe\\\/biblioteca\\\/\",\"logo\":{\"@type\":\"ImageObject\",\"inLanguage\":\"es-PE\",\"@id\":\"https:\\\/\\\/www.sanagustin.edu.pe\\\/biblioteca\\\/#\\\/schema\\\/logo\\\/image\\\/\",\"url\":\"https:\\\/\\\/www.sanagustin.edu.pe\\\/biblioteca\\\/wp-content\\\/uploads\\\/sites\\\/3\\\/2022\\\/09\\\/cropped-logo-san-agustin-lima.jpg\",\"contentUrl\":\"https:\\\/\\\/www.sanagustin.edu.pe\\\/biblioteca\\\/wp-content\\\/uploads\\\/sites\\\/3\\\/2022\\\/09\\\/cropped-logo-san-agustin-lima.jpg\",\"width\":178,\"height\":80,\"caption\":\"Biblioteca\"},\"image\":{\"@id\":\"https:\\\/\\\/www.sanagustin.edu.pe\\\/biblioteca\\\/#\\\/schema\\\/logo\\\/image\\\/\"}}]}<\/script>\n<!-- \/ Yoast SEO plugin. -->","yoast_head_json":{"title":"Servicios - Biblioteca","robots":{"index":"index","follow":"follow","max-snippet":"max-snippet:-1","max-image-preview":"max-image-preview:large","max-video-preview":"max-video-preview:-1"},"canonical":"https:\/\/www.sanagustin.edu.pe\/biblioteca\/servicios\/","og_locale":"es_ES","og_type":"article","og_title":"Servicios - Biblioteca","og_description":"Servicios Consulta en sala\u200b Utilizando los recursos bibliogr\u00e1ficos y hemerogr\u00e1ficos dentro de la sala de consulta de la biblioteca. Cat\u00e1logo en l\u00ednea Consulta desde la Internet la relaci\u00f3n de libros que tiene las bibliotecas del colegio Pr\u00e9stamo a domicilio De acuerdo a reglamento. Libros de literatura (novelas y cuentos) hasta siete (7) d\u00edas. Libros de [&hellip;]","og_url":"https:\/\/www.sanagustin.edu.pe\/biblioteca\/servicios\/","og_site_name":"Biblioteca","article_modified_time":"2022-10-03T13:45:10+00:00","og_image":[{"url":"https:\/\/lima.sendingold.com\/biblioteca\/wp-content\/uploads\/sites\/3\/2022\/10\/servicios.png","type":"","width":"","height":""}],"twitter_card":"summary_large_image","twitter_misc":{"Est. reading time":"1 minuto"},"schema":{"@context":"https:\/\/schema.org","@graph":[{"@type":"WebPage","@id":"https:\/\/www.sanagustin.edu.pe\/biblioteca\/servicios\/","url":"https:\/\/www.sanagustin.edu.pe\/biblioteca\/servicios\/","name":"Servicios - Biblioteca","isPartOf":{"@id":"https:\/\/www.sanagustin.edu.pe\/biblioteca\/#website"},"primaryImageOfPage":{"@id":"https:\/\/www.sanagustin.edu.pe\/biblioteca\/servicios\/#primaryimage"},"image":{"@id":"https:\/\/www.sanagustin.edu.pe\/biblioteca\/servicios\/#primaryimage"},"thumbnailUrl":"https:\/\/lima.sendingold.com\/biblioteca\/wp-content\/uploads\/sites\/3\/2022\/10\/servicios.png","datePublished":"2022-10-01T20:15:15+00:00","dateModified":"2022-10-03T13:45:10+00:00","breadcrumb":{"@id":"https:\/\/www.sanagustin.edu.pe\/biblioteca\/servicios\/#breadcrumb"},"inLanguage":"es-PE","potentialAction":[{"@type":"ReadAction","target":["https:\/\/www.sanagustin.edu.pe\/biblioteca\/servicios\/"]}]},{"@type":"ImageObject","inLanguage":"es-PE","@id":"https:\/\/www.sanagustin.edu.pe\/biblioteca\/servicios\/#primaryimage","url":"https:\/\/lima.sendingold.com\/biblioteca\/wp-content\/uploads\/sites\/3\/2022\/10\/servicios.png","contentUrl":"https:\/\/lima.sendingold.com\/biblioteca\/wp-content\/uploads\/sites\/3\/2022\/10\/servicios.png"},{"@type":"BreadcrumbList","@id":"https:\/\/www.sanagustin.edu.pe\/biblioteca\/servicios\/#breadcrumb","itemListElement":[{"@type":"ListItem","position":1,"name":"Portada","item":"https:\/\/www.sanagustin.edu.pe\/biblioteca\/"},{"@type":"ListItem","position":2,"name":"Servicios"}]},{"@type":"WebSite","@id":"https:\/\/www.sanagustin.edu.pe\/biblioteca\/#website","url":"https:\/\/www.sanagustin.edu.pe\/biblioteca\/","name":"Biblioteca","description":"San Agust\u00edn Lima","publisher":{"@id":"https:\/\/www.sanagustin.edu.pe\/biblioteca\/#organization"},"potentialAction":[{"@type":"SearchAction","target":{"@type":"EntryPoint","urlTemplate":"https:\/\/www.sanagustin.edu.pe\/biblioteca\/?s={search_term_string}"},"query-input":{"@type":"PropertyValueSpecification","valueRequired":true,"valueName":"search_term_string"}}],"inLanguage":"es-PE"},{"@type":"Organization","@id":"https:\/\/www.sanagustin.edu.pe\/biblioteca\/#organization","name":"Biblioteca","url":"https:\/\/www.sanagustin.edu.pe\/biblioteca\/","logo":{"@type":"ImageObject","inLanguage":"es-PE","@id":"https:\/\/www.sanagustin.edu.pe\/biblioteca\/#\/schema\/logo\/image\/","url":"https:\/\/www.sanagustin.edu.pe\/biblioteca\/wp-content\/uploads\/sites\/3\/2022\/09\/cropped-logo-san-agustin-lima.jpg","contentUrl":"https:\/\/www.sanagustin.edu.pe\/biblioteca\/wp-content\/uploads\/sites\/3\/2022\/09\/cropped-logo-san-agustin-lima.jpg","width":178,"height":80,"caption":"Biblioteca"},"image":{"@id":"https:\/\/www.sanagustin.edu.pe\/biblioteca\/#\/schema\/logo\/image\/"}}]}},"_links":{"self":[{"href":"https:\/\/www.sanagustin.edu.pe\/biblioteca\/wp-json\/wp\/v2\/pages\/2823","targetHints":{"allow":["GET"]}}],"collection":[{"href":"https:\/\/www.sanagustin.edu.pe\/biblioteca\/wp-json\/wp\/v2\/pages"}],"about":[{"href":"https:\/\/www.sanagustin.edu.pe\/biblioteca\/wp-json\/wp\/v2\/types\/page"}],"author":[{"embeddable":true,"href":"https:\/\/www.sanagustin.edu.pe\/biblioteca\/wp-json\/wp\/v2\/users\/1"}],"replies":[{"embeddable":true,"href":"https:\/\/www.sanagustin.edu.pe\/biblioteca\/wp-json\/wp\/v2\/comments?post=2823"}],"version-history":[{"count":40,"href":"https:\/\/www.sanagustin.edu.pe\/biblioteca\/wp-json\/wp\/v2\/pages\/2823\/revisions"}],"predecessor-version":[{"id":3094,"href":"https:\/\/www.sanagustin.edu.pe\/biblioteca\/wp-json\/wp\/v2\/pages\/2823\/revisions\/3094"}],"wp:attachment":[{"href":"https:\/\/www.sanagustin.edu.pe\/biblioteca\/wp-json\/wp\/v2\/media?parent=2823"}],"curies":[{"name":"wp","href":"https:\/\/api.w.org\/{rel}","templated":true}]}}