{"id":2825,"date":"2022-10-01T15:15:30","date_gmt":"2022-10-01T20:15:30","guid":{"rendered":"https:\/\/lima.sendingold.com\/biblioteca\/?page_id=2825"},"modified":"2022-10-03T08:52:17","modified_gmt":"2022-10-03T13:52:17","slug":"reglamento","status":"publish","type":"page","link":"https:\/\/www.sanagustin.edu.pe\/biblioteca\/reglamento\/","title":{"rendered":"Reglamento"},"content":{"rendered":"\t\t<div data-elementor-type=\"wp-page\" data-elementor-id=\"2825\" class=\"elementor elementor-2825\" data-elementor-post-type=\"page\">\n\t\t\t\t<div class=\"has_eae_slider elementor-element elementor-element-17c5cfc e-flex e-con-boxed e-con e-parent\" data-eae-slider=\"40145\" data-id=\"17c5cfc\" data-element_type=\"container\" data-e-type=\"container\">\n\t\t\t\t\t<div class=\"e-con-inner\">\n\t\t<div class=\"has_eae_slider elementor-element elementor-element-70afb2f e-con-full e-flex e-con e-parent\" data-eae-slider=\"75359\" data-id=\"70afb2f\" data-element_type=\"container\" data-e-type=\"container\">\n\t\t\t\t<div class=\"elementor-element elementor-element-368f829 elementor-widget elementor-widget-heading\" data-id=\"368f829\" data-element_type=\"widget\" data-e-type=\"widget\" data-widget_type=\"heading.default\">\n\t\t\t\t<div class=\"elementor-widget-container\">\n\t\t\t\t\t<h1 class=\"elementor-heading-title elementor-size-default\">Reglamento<\/h1>\t\t\t\t<\/div>\n\t\t\t\t<\/div>\n\t\t\t\t<\/div>\n\t\t<div class=\"has_eae_slider elementor-element elementor-element-d41faf7 e-con-full e-flex e-con e-parent\" data-eae-slider=\"82699\" data-id=\"d41faf7\" data-element_type=\"container\" data-e-type=\"container\" data-settings=\"{&quot;background_background&quot;:&quot;classic&quot;}\">\n\t\t<div class=\"has_eae_slider elementor-element elementor-element-01570bd e-con-full e-flex e-con e-parent\" data-eae-slider=\"65737\" data-id=\"01570bd\" data-element_type=\"container\" data-e-type=\"container\">\n\t\t\t\t<div class=\"elementor-element elementor-element-b517a94 elementor-widget elementor-widget-image\" data-id=\"b517a94\" data-element_type=\"widget\" data-e-type=\"widget\" data-widget_type=\"image.default\">\n\t\t\t\t<div class=\"elementor-widget-container\">\n\t\t\t\t\t\t\t\t\t\t\t\t\t\t\t<img decoding=\"async\" width=\"85\" height=\"80\" src=\"https:\/\/www.sanagustin.edu.pe\/biblioteca\/wp-content\/uploads\/sites\/3\/2022\/10\/objetivo.svg\" class=\"attachment-large size-large wp-image-3058\" alt=\"\" \/>\t\t\t\t\t\t\t\t\t\t\t\t\t\t\t<\/div>\n\t\t\t\t<\/div>\n\t\t\t\t<\/div>\n\t\t<div class=\"has_eae_slider elementor-element elementor-element-5fe3871 e-con-full e-flex e-con e-parent\" data-eae-slider=\"5937\" data-id=\"5fe3871\" data-element_type=\"container\" data-e-type=\"container\">\n\t\t\t\t<div class=\"elementor-element elementor-element-2842f09 elementor-widget elementor-widget-heading\" data-id=\"2842f09\" data-element_type=\"widget\" data-e-type=\"widget\" data-widget_type=\"heading.default\">\n\t\t\t\t<div class=\"elementor-widget-container\">\n\t\t\t\t\t<h2 class=\"elementor-heading-title elementor-size-default\">Misi\u00f3n de la Biblioteca<\/h2>\t\t\t\t<\/div>\n\t\t\t\t<\/div>\n\t\t\t\t<div class=\"elementor-element elementor-element-3da1bc9 elementor-widget elementor-widget-text-editor\" data-id=\"3da1bc9\" data-element_type=\"widget\" data-e-type=\"widget\" data-widget_type=\"text-editor.default\">\n\t\t\t\t<div class=\"elementor-widget-container\">\n\t\t\t\t\t\t\t\t\tLa biblioteca es un centro de recursos acad\u00e9micos en el cual los usuarios podr\u00e1n disponer de una gama de recursos que les posibilitar\u00e1 realizar las investigaciones necesarias. Para ello el bibliotecario es un consejero acad\u00e9mico de todos los usuarios de la biblioteca.\n&#8211; Usuarios: Alumnos, docentes, entrenadores, administrativos y directivos.  \t\t\t\t\t\t\t\t<\/div>\n\t\t\t\t<\/div>\n\t\t\t\t<\/div>\n\t\t\t\t<\/div>\n\t\t<div class=\"has_eae_slider elementor-element elementor-element-ec68a31 e-con-full e-flex e-con e-parent\" data-eae-slider=\"34607\" data-id=\"ec68a31\" data-element_type=\"container\" data-e-type=\"container\" data-settings=\"{&quot;background_background&quot;:&quot;classic&quot;}\">\n\t\t\t\t<div class=\"elementor-element elementor-element-65f0f81 elementor-widget elementor-widget-heading\" data-id=\"65f0f81\" data-element_type=\"widget\" data-e-type=\"widget\" data-widget_type=\"heading.default\">\n\t\t\t\t<div class=\"elementor-widget-container\">\n\t\t\t\t\t<h2 class=\"elementor-heading-title elementor-size-default\">Normas Generales<\/h2>\t\t\t\t<\/div>\n\t\t\t\t<\/div>\n\t\t\t\t<div class=\"elementor-element elementor-element-c8d364d elementor-widget elementor-widget-text-editor\" data-id=\"c8d364d\" data-element_type=\"widget\" data-e-type=\"widget\" data-widget_type=\"text-editor.default\">\n\t\t\t\t<div class=\"elementor-widget-container\">\n\t\t\t\t\t\t\t\t\t<ol><li>Los usuarios deben tratar con respeto y educaci\u00f3n al personal de biblioteca, debiendo esperar su turno para ser atendido.<\/li><li>Se debe guardar el silencio correspondiente a los ambientes de estudio y de investigaci\u00f3n.<\/li><li>El horario de atenci\u00f3n de las bibliotecas es de lunes a viernes de 8:00 am a 5:00 pm y los s\u00e1bados de 9:00 am a 1:00 pm.<\/li><li>No se permite el ingreso de comidas y bebidas.<\/li><li>No se permite el ingreso con mochilas.<\/li><li>Los profesores y alumnos deben reservar el uso de cualquier \u00e1rea de biblioteca con anticipaci\u00f3n y cancelar su reservaci\u00f3n en caso de no utilizarla, de acuerdo al ac\u00e1pite respectivo.<\/li><\/ol>\t\t\t\t\t\t\t\t<\/div>\n\t\t\t\t<\/div>\n\t\t\t\t<\/div>\n\t\t<div class=\"has_eae_slider elementor-element elementor-element-853d0a3 e-con-full e-flex e-con e-parent\" data-eae-slider=\"22356\" data-id=\"853d0a3\" data-element_type=\"container\" data-e-type=\"container\">\n\t\t\t\t<div class=\"elementor-element elementor-element-eedf553 elementor-widget elementor-widget-heading\" data-id=\"eedf553\" data-element_type=\"widget\" data-e-type=\"widget\" data-widget_type=\"heading.default\">\n\t\t\t\t<div class=\"elementor-widget-container\">\n\t\t\t\t\t<h2 class=\"elementor-heading-title elementor-size-default\">Servicios<\/h2>\t\t\t\t<\/div>\n\t\t\t\t<\/div>\n\t\t\t\t<div class=\"elementor-element elementor-element-c64b3a6 elementor-widget elementor-widget-text-editor\" data-id=\"c64b3a6\" data-element_type=\"widget\" data-e-type=\"widget\" data-widget_type=\"text-editor.default\">\n\t\t\t\t<div class=\"elementor-widget-container\">\n\t\t\t\t\t\t\t\t\t<p>La biblioteca ofrecer\u00e1 los siguientes servicios:<\/p><ul><li>Consulta en sala.<\/li><li>Cat\u00e1logo en l\u00ednea.<\/li><li>Pr\u00e9stamo interno y externo.<\/li><li>B\u00fasqueda de informaci\u00f3n.<\/li><li>Internet, multimedia.<br \/>Audiovisual.<\/li><li>Fotocopia e impresiones: Se podr\u00e1n sacar las copias o impresiones que cada usuario requiera a un costo de S\/. 0,10 por copia que se cobrar\u00e1 en la misma biblioteca. Est\u00e1 prohibido sacar copias de libros completos. Se pedir\u00e1n las copias al inicio del d\u00eda o durante el primer recreo y se recoger\u00e1 durante el primer recreo o durante el segundo respectivamente.<\/li><\/ul>\t\t\t\t\t\t\t\t<\/div>\n\t\t\t\t<\/div>\n\t\t\t\t<\/div>\n\t\t\t\t\t<\/div>\n\t\t\t\t<\/div>\n\t\t<div class=\"has_eae_slider elementor-element elementor-element-24bc761 e-flex e-con-boxed e-con e-parent\" data-eae-slider=\"48185\" data-id=\"24bc761\" data-element_type=\"container\" data-e-type=\"container\" data-settings=\"{&quot;background_background&quot;:&quot;classic&quot;}\">\n\t\t\t\t\t<div class=\"e-con-inner\">\n\t\t<div class=\"has_eae_slider elementor-element elementor-element-bd56f9f e-con-full e-flex e-con e-parent\" data-eae-slider=\"12085\" data-id=\"bd56f9f\" data-element_type=\"container\" data-e-type=\"container\">\n\t\t\t\t<div class=\"elementor-element elementor-element-7fa7878 elementor-widget elementor-widget-heading\" data-id=\"7fa7878\" data-element_type=\"widget\" data-e-type=\"widget\" data-widget_type=\"heading.default\">\n\t\t\t\t<div class=\"elementor-widget-container\">\n\t\t\t\t\t<h2 class=\"elementor-heading-title elementor-size-default\">Reserva de ambientes<\/h2>\t\t\t\t<\/div>\n\t\t\t\t<\/div>\n\t\t\t\t<div class=\"elementor-element elementor-element-0a5d09e elementor-widget elementor-widget-heading\" data-id=\"0a5d09e\" data-element_type=\"widget\" data-e-type=\"widget\" data-widget_type=\"heading.default\">\n\t\t\t\t<div class=\"elementor-widget-container\">\n\t\t\t\t\t<h2 class=\"elementor-heading-title elementor-size-default\">Se podr\u00e1n reservar los ambientes siguientes:<\/h2>\t\t\t\t<\/div>\n\t\t\t\t<\/div>\n\t\t\t\t<\/div>\n\t\t<div class=\"has_eae_slider elementor-element elementor-element-698c4fe e-con-full e-flex e-con e-parent\" data-eae-slider=\"16870\" data-id=\"698c4fe\" data-element_type=\"container\" data-e-type=\"container\">\n\t\t\t\t<div class=\"elementor-element elementor-element-d26cb39 elementor-widget elementor-widget-heading\" data-id=\"d26cb39\" data-element_type=\"widget\" data-e-type=\"widget\" data-widget_type=\"heading.default\">\n\t\t\t\t<div class=\"elementor-widget-container\">\n\t\t\t\t\t<h2 class=\"elementor-heading-title elementor-size-default\">Biblioteca Urdaneta\n<\/h2>\t\t\t\t<\/div>\n\t\t\t\t<\/div>\n\t\t\t\t<div class=\"elementor-element elementor-element-f1e6442 elementor-widget elementor-widget-text-editor\" data-id=\"f1e6442\" data-element_type=\"widget\" data-e-type=\"widget\" data-widget_type=\"text-editor.default\">\n\t\t\t\t<div class=\"elementor-widget-container\">\n\t\t\t\t\t\t\t\t\t<p>Sala de lectura e investigaci\u00f3n, separado s\u00f3lo por los profesores durante las horas de clases. En los recreos y despu\u00e9s del horario de clases se podr\u00e1n utilizar sin reserva previa.<br \/>Sala de cuentacuentos, separado s\u00f3lo por profesores durante las horas de clases.<\/p>\t\t\t\t\t\t\t\t<\/div>\n\t\t\t\t<\/div>\n\t\t\t\t<\/div>\n\t\t<div class=\"has_eae_slider elementor-element elementor-element-b6b482c e-con-full e-flex e-con e-parent\" data-eae-slider=\"30825\" data-id=\"b6b482c\" data-element_type=\"container\" data-e-type=\"container\">\n\t\t\t\t<div class=\"elementor-element elementor-element-b323025 elementor-widget elementor-widget-heading\" data-id=\"b323025\" data-element_type=\"widget\" data-e-type=\"widget\" data-widget_type=\"heading.default\">\n\t\t\t\t<div class=\"elementor-widget-container\">\n\t\t\t\t\t<h2 class=\"elementor-heading-title elementor-size-default\">Biblioteca De la Calancha<\/h2>\t\t\t\t<\/div>\n\t\t\t\t<\/div>\n\t\t\t\t<div class=\"elementor-element elementor-element-1f5d7b1 elementor-widget elementor-widget-text-editor\" data-id=\"1f5d7b1\" data-element_type=\"widget\" data-e-type=\"widget\" data-widget_type=\"text-editor.default\">\n\t\t\t\t<div class=\"elementor-widget-container\">\n\t\t\t\t\t\t\t\t\t<p><strong>El sal\u00f3n:<\/strong> podr\u00e1 ser separado \u00fanicamente por los profesores.<br \/><strong>El box:<\/strong> durante el horario escolar podr\u00e1 ser separado \u00fanicamente por los profesores. Despu\u00e9s del horario escolar los alumnos podr\u00e1n solicitar la reserva del mismo.<br \/><strong>La sala:<\/strong> separado s\u00f3lo por los profesores durante las horas de clases. En los recreos y despu\u00e9s del horario de clases se podr\u00e1n utilizar sin reserva previa.<\/p>\t\t\t\t\t\t\t\t<\/div>\n\t\t\t\t<\/div>\n\t\t\t\t<\/div>\n\t\t\t\t\t<\/div>\n\t\t\t\t<\/div>\n\t\t\t\t<\/div>\n\t\t","protected":false},"excerpt":{"rendered":"<p>Reglamento Misi\u00f3n de la Biblioteca La biblioteca es un centro de recursos acad\u00e9micos en el cual los usuarios podr\u00e1n disponer de una gama de recursos que les posibilitar\u00e1 realizar las investigaciones necesarias. Para ello el bibliotecario es un consejero acad\u00e9mico de todos los usuarios de la biblioteca. &#8211; Usuarios: Alumnos, docentes, entrenadores, administrativos y directivos. [&hellip;]<\/p>\n","protected":false},"author":1,"featured_media":0,"parent":0,"menu_order":0,"comment_status":"closed","ping_status":"closed","template":"elementor_header_footer","meta":{"footnotes":""},"class_list":["post-2825","page","type-page","status-publish","hentry"],"yoast_head":"<!-- This site is optimized with the Yoast SEO plugin v27.4 - https:\/\/yoast.com\/product\/yoast-seo-wordpress\/ -->\n<title>Reglamento - Biblioteca<\/title>\n<meta name=\"robots\" content=\"index, follow, max-snippet:-1, max-image-preview:large, max-video-preview:-1\" \/>\n<link rel=\"canonical\" href=\"https:\/\/www.sanagustin.edu.pe\/biblioteca\/reglamento\/\" \/>\n<meta property=\"og:locale\" content=\"es_ES\" \/>\n<meta property=\"og:type\" content=\"article\" \/>\n<meta property=\"og:title\" content=\"Reglamento - Biblioteca\" \/>\n<meta property=\"og:description\" content=\"Reglamento Misi\u00f3n de la Biblioteca La biblioteca es un centro de recursos acad\u00e9micos en el cual los usuarios podr\u00e1n disponer de una gama de recursos que les posibilitar\u00e1 realizar las investigaciones necesarias. Para ello el bibliotecario es un consejero acad\u00e9mico de todos los usuarios de la biblioteca. &#8211; Usuarios: Alumnos, docentes, entrenadores, administrativos y directivos. [&hellip;]\" \/>\n<meta property=\"og:url\" content=\"https:\/\/www.sanagustin.edu.pe\/biblioteca\/reglamento\/\" \/>\n<meta property=\"og:site_name\" content=\"Biblioteca\" \/>\n<meta property=\"article:modified_time\" content=\"2022-10-03T13:52:17+00:00\" \/>\n<meta property=\"og:image\" content=\"https:\/\/lima.sendingold.com\/biblioteca\/wp-content\/uploads\/sites\/3\/2022\/10\/objetivo.svg\" \/>\n<meta name=\"twitter:card\" content=\"summary_large_image\" \/>\n<meta name=\"twitter:label1\" content=\"Est. reading time\" \/>\n\t<meta name=\"twitter:data1\" content=\"2 minutos\" \/>\n<script type=\"application\/ld+json\" class=\"yoast-schema-graph\">{\"@context\":\"https:\\\/\\\/schema.org\",\"@graph\":[{\"@type\":\"WebPage\",\"@id\":\"https:\\\/\\\/www.sanagustin.edu.pe\\\/biblioteca\\\/reglamento\\\/\",\"url\":\"https:\\\/\\\/www.sanagustin.edu.pe\\\/biblioteca\\\/reglamento\\\/\",\"name\":\"Reglamento - Biblioteca\",\"isPartOf\":{\"@id\":\"https:\\\/\\\/www.sanagustin.edu.pe\\\/biblioteca\\\/#website\"},\"primaryImageOfPage\":{\"@id\":\"https:\\\/\\\/www.sanagustin.edu.pe\\\/biblioteca\\\/reglamento\\\/#primaryimage\"},\"image\":{\"@id\":\"https:\\\/\\\/www.sanagustin.edu.pe\\\/biblioteca\\\/reglamento\\\/#primaryimage\"},\"thumbnailUrl\":\"https:\\\/\\\/lima.sendingold.com\\\/biblioteca\\\/wp-content\\\/uploads\\\/sites\\\/3\\\/2022\\\/10\\\/objetivo.svg\",\"datePublished\":\"2022-10-01T20:15:30+00:00\",\"dateModified\":\"2022-10-03T13:52:17+00:00\",\"breadcrumb\":{\"@id\":\"https:\\\/\\\/www.sanagustin.edu.pe\\\/biblioteca\\\/reglamento\\\/#breadcrumb\"},\"inLanguage\":\"es-PE\",\"potentialAction\":[{\"@type\":\"ReadAction\",\"target\":[\"https:\\\/\\\/www.sanagustin.edu.pe\\\/biblioteca\\\/reglamento\\\/\"]}]},{\"@type\":\"ImageObject\",\"inLanguage\":\"es-PE\",\"@id\":\"https:\\\/\\\/www.sanagustin.edu.pe\\\/biblioteca\\\/reglamento\\\/#primaryimage\",\"url\":\"https:\\\/\\\/lima.sendingold.com\\\/biblioteca\\\/wp-content\\\/uploads\\\/sites\\\/3\\\/2022\\\/10\\\/objetivo.svg\",\"contentUrl\":\"https:\\\/\\\/lima.sendingold.com\\\/biblioteca\\\/wp-content\\\/uploads\\\/sites\\\/3\\\/2022\\\/10\\\/objetivo.svg\"},{\"@type\":\"BreadcrumbList\",\"@id\":\"https:\\\/\\\/www.sanagustin.edu.pe\\\/biblioteca\\\/reglamento\\\/#breadcrumb\",\"itemListElement\":[{\"@type\":\"ListItem\",\"position\":1,\"name\":\"Portada\",\"item\":\"https:\\\/\\\/www.sanagustin.edu.pe\\\/biblioteca\\\/\"},{\"@type\":\"ListItem\",\"position\":2,\"name\":\"Reglamento\"}]},{\"@type\":\"WebSite\",\"@id\":\"https:\\\/\\\/www.sanagustin.edu.pe\\\/biblioteca\\\/#website\",\"url\":\"https:\\\/\\\/www.sanagustin.edu.pe\\\/biblioteca\\\/\",\"name\":\"Biblioteca\",\"description\":\"San Agust\u00edn Lima\",\"publisher\":{\"@id\":\"https:\\\/\\\/www.sanagustin.edu.pe\\\/biblioteca\\\/#organization\"},\"potentialAction\":[{\"@type\":\"SearchAction\",\"target\":{\"@type\":\"EntryPoint\",\"urlTemplate\":\"https:\\\/\\\/www.sanagustin.edu.pe\\\/biblioteca\\\/?s={search_term_string}\"},\"query-input\":{\"@type\":\"PropertyValueSpecification\",\"valueRequired\":true,\"valueName\":\"search_term_string\"}}],\"inLanguage\":\"es-PE\"},{\"@type\":\"Organization\",\"@id\":\"https:\\\/\\\/www.sanagustin.edu.pe\\\/biblioteca\\\/#organization\",\"name\":\"Biblioteca\",\"url\":\"https:\\\/\\\/www.sanagustin.edu.pe\\\/biblioteca\\\/\",\"logo\":{\"@type\":\"ImageObject\",\"inLanguage\":\"es-PE\",\"@id\":\"https:\\\/\\\/www.sanagustin.edu.pe\\\/biblioteca\\\/#\\\/schema\\\/logo\\\/image\\\/\",\"url\":\"https:\\\/\\\/www.sanagustin.edu.pe\\\/biblioteca\\\/wp-content\\\/uploads\\\/sites\\\/3\\\/2022\\\/09\\\/cropped-logo-san-agustin-lima.jpg\",\"contentUrl\":\"https:\\\/\\\/www.sanagustin.edu.pe\\\/biblioteca\\\/wp-content\\\/uploads\\\/sites\\\/3\\\/2022\\\/09\\\/cropped-logo-san-agustin-lima.jpg\",\"width\":178,\"height\":80,\"caption\":\"Biblioteca\"},\"image\":{\"@id\":\"https:\\\/\\\/www.sanagustin.edu.pe\\\/biblioteca\\\/#\\\/schema\\\/logo\\\/image\\\/\"}}]}<\/script>\n<!-- \/ Yoast SEO plugin. -->","yoast_head_json":{"title":"Reglamento - Biblioteca","robots":{"index":"index","follow":"follow","max-snippet":"max-snippet:-1","max-image-preview":"max-image-preview:large","max-video-preview":"max-video-preview:-1"},"canonical":"https:\/\/www.sanagustin.edu.pe\/biblioteca\/reglamento\/","og_locale":"es_ES","og_type":"article","og_title":"Reglamento - Biblioteca","og_description":"Reglamento Misi\u00f3n de la Biblioteca La biblioteca es un centro de recursos acad\u00e9micos en el cual los usuarios podr\u00e1n disponer de una gama de recursos que les posibilitar\u00e1 realizar las investigaciones necesarias. Para ello el bibliotecario es un consejero acad\u00e9mico de todos los usuarios de la biblioteca. &#8211; Usuarios: Alumnos, docentes, entrenadores, administrativos y directivos. [&hellip;]","og_url":"https:\/\/www.sanagustin.edu.pe\/biblioteca\/reglamento\/","og_site_name":"Biblioteca","article_modified_time":"2022-10-03T13:52:17+00:00","og_image":[{"url":"https:\/\/lima.sendingold.com\/biblioteca\/wp-content\/uploads\/sites\/3\/2022\/10\/objetivo.svg","type":"","width":"","height":""}],"twitter_card":"summary_large_image","twitter_misc":{"Est. reading time":"2 minutos"},"schema":{"@context":"https:\/\/schema.org","@graph":[{"@type":"WebPage","@id":"https:\/\/www.sanagustin.edu.pe\/biblioteca\/reglamento\/","url":"https:\/\/www.sanagustin.edu.pe\/biblioteca\/reglamento\/","name":"Reglamento - Biblioteca","isPartOf":{"@id":"https:\/\/www.sanagustin.edu.pe\/biblioteca\/#website"},"primaryImageOfPage":{"@id":"https:\/\/www.sanagustin.edu.pe\/biblioteca\/reglamento\/#primaryimage"},"image":{"@id":"https:\/\/www.sanagustin.edu.pe\/biblioteca\/reglamento\/#primaryimage"},"thumbnailUrl":"https:\/\/lima.sendingold.com\/biblioteca\/wp-content\/uploads\/sites\/3\/2022\/10\/objetivo.svg","datePublished":"2022-10-01T20:15:30+00:00","dateModified":"2022-10-03T13:52:17+00:00","breadcrumb":{"@id":"https:\/\/www.sanagustin.edu.pe\/biblioteca\/reglamento\/#breadcrumb"},"inLanguage":"es-PE","potentialAction":[{"@type":"ReadAction","target":["https:\/\/www.sanagustin.edu.pe\/biblioteca\/reglamento\/"]}]},{"@type":"ImageObject","inLanguage":"es-PE","@id":"https:\/\/www.sanagustin.edu.pe\/biblioteca\/reglamento\/#primaryimage","url":"https:\/\/lima.sendingold.com\/biblioteca\/wp-content\/uploads\/sites\/3\/2022\/10\/objetivo.svg","contentUrl":"https:\/\/lima.sendingold.com\/biblioteca\/wp-content\/uploads\/sites\/3\/2022\/10\/objetivo.svg"},{"@type":"BreadcrumbList","@id":"https:\/\/www.sanagustin.edu.pe\/biblioteca\/reglamento\/#breadcrumb","itemListElement":[{"@type":"ListItem","position":1,"name":"Portada","item":"https:\/\/www.sanagustin.edu.pe\/biblioteca\/"},{"@type":"ListItem","position":2,"name":"Reglamento"}]},{"@type":"WebSite","@id":"https:\/\/www.sanagustin.edu.pe\/biblioteca\/#website","url":"https:\/\/www.sanagustin.edu.pe\/biblioteca\/","name":"Biblioteca","description":"San Agust\u00edn Lima","publisher":{"@id":"https:\/\/www.sanagustin.edu.pe\/biblioteca\/#organization"},"potentialAction":[{"@type":"SearchAction","target":{"@type":"EntryPoint","urlTemplate":"https:\/\/www.sanagustin.edu.pe\/biblioteca\/?s={search_term_string}"},"query-input":{"@type":"PropertyValueSpecification","valueRequired":true,"valueName":"search_term_string"}}],"inLanguage":"es-PE"},{"@type":"Organization","@id":"https:\/\/www.sanagustin.edu.pe\/biblioteca\/#organization","name":"Biblioteca","url":"https:\/\/www.sanagustin.edu.pe\/biblioteca\/","logo":{"@type":"ImageObject","inLanguage":"es-PE","@id":"https:\/\/www.sanagustin.edu.pe\/biblioteca\/#\/schema\/logo\/image\/","url":"https:\/\/www.sanagustin.edu.pe\/biblioteca\/wp-content\/uploads\/sites\/3\/2022\/09\/cropped-logo-san-agustin-lima.jpg","contentUrl":"https:\/\/www.sanagustin.edu.pe\/biblioteca\/wp-content\/uploads\/sites\/3\/2022\/09\/cropped-logo-san-agustin-lima.jpg","width":178,"height":80,"caption":"Biblioteca"},"image":{"@id":"https:\/\/www.sanagustin.edu.pe\/biblioteca\/#\/schema\/logo\/image\/"}}]}},"_links":{"self":[{"href":"https:\/\/www.sanagustin.edu.pe\/biblioteca\/wp-json\/wp\/v2\/pages\/2825","targetHints":{"allow":["GET"]}}],"collection":[{"href":"https:\/\/www.sanagustin.edu.pe\/biblioteca\/wp-json\/wp\/v2\/pages"}],"about":[{"href":"https:\/\/www.sanagustin.edu.pe\/biblioteca\/wp-json\/wp\/v2\/types\/page"}],"author":[{"embeddable":true,"href":"https:\/\/www.sanagustin.edu.pe\/biblioteca\/wp-json\/wp\/v2\/users\/1"}],"replies":[{"embeddable":true,"href":"https:\/\/www.sanagustin.edu.pe\/biblioteca\/wp-json\/wp\/v2\/comments?post=2825"}],"version-history":[{"count":37,"href":"https:\/\/www.sanagustin.edu.pe\/biblioteca\/wp-json\/wp\/v2\/pages\/2825\/revisions"}],"predecessor-version":[{"id":3097,"href":"https:\/\/www.sanagustin.edu.pe\/biblioteca\/wp-json\/wp\/v2\/pages\/2825\/revisions\/3097"}],"wp:attachment":[{"href":"https:\/\/www.sanagustin.edu.pe\/biblioteca\/wp-json\/wp\/v2\/media?parent=2825"}],"curies":[{"name":"wp","href":"https:\/\/api.w.org\/{rel}","templated":true}]}}